{"id":321,"date":"2022-10-20T14:57:15","date_gmt":"2022-10-20T12:57:15","guid":{"rendered":"http:\/\/www.neupols.org\/wp\/?page_id=321"},"modified":"2024-11-21T12:31:26","modified_gmt":"2024-11-21T10:31:26","slug":"pla-social-2","status":"publish","type":"page","link":"http:\/\/www.neupols.org\/wp\/?page_id=321","title":{"rendered":"NO ESQUIADOR"},"content":{"rendered":"\n<p>Aquesta edici\u00f3 de Neupols anem a ALPE D&#8217;HUEZ!<\/p>\n\n\n\n<p><strong>Qu\u00e8 puc fer durant el dia si tinc el pack no esquiador o no vull esquiar?<\/strong><\/p>\n\n\n\n<p>Aqu\u00ed teniu propostes d&#8217;activitats que podeu trobar a Alpe d&#8217;Huez aix\u00ed com un itinerari orientatiu. Algunes d&#8217;aquestes activitats requereixen pagar un preu extra que no ve incl\u00f2s en el pack i que podeu consultar en aquesta p\u00e0gina. <\/p>\n\n\n<div class=\"wp-block-image\">\n<figure class=\"aligncenter size-large\"><img decoding=\"async\" loading=\"lazy\" width=\"1024\" height=\"451\" src=\"http:\/\/www.neupols.org\/wp\/wp-content\/uploads\/2024\/11\/no-esquiador-1024x451.png\" alt=\"\" class=\"wp-image-498\" srcset=\"http:\/\/www.neupols.org\/wp\/wp-content\/uploads\/2024\/11\/no-esquiador-1024x451.png 1024w, http:\/\/www.neupols.org\/wp\/wp-content\/uploads\/2024\/11\/no-esquiador-300x132.png 300w, http:\/\/www.neupols.org\/wp\/wp-content\/uploads\/2024\/11\/no-esquiador-768x338.png 768w, http:\/\/www.neupols.org\/wp\/wp-content\/uploads\/2024\/11\/no-esquiador.png 1280w\" sizes=\"(max-width: 1024px) 100vw, 1024px\" \/><\/figure><\/div>\n\n\n<p>Aquests s\u00f3n els preus (aproximats) i m\u00e9s informaci\u00f3 d&#8217;algunes de les activitats que proposem:<\/p>\n\n\n\n<ul>\n<li><strong>PATINATGE SOBRE GEL<\/strong>\n<ul>\n<li>Entrada: 7\u20ac (gratu\u00eftat amb el forfait)<\/li>\n\n\n\n<li>Lloguer de patins: 4\u20ac<\/li>\n\n\n\n<li><a rel=\"noreferrer noopener\" href=\"https:\/\/www.alpedhuez.com\/fr\/hiver\/types-apidae\/equipement\/patinoire-a-ciel-ouvert\/\" target=\"_blank\">https:\/\/www.alpedhuez.com\/fr\/hiver\/types-apidae\/equipement\/patinoire-a-ciel-ouvert\/<\/a> <\/li>\n<\/ul>\n<\/li>\n<\/ul>\n\n\n\n<ul>\n<li><strong>EXCURSI\u00d3 AMB RAQUETES<\/strong>\n<ul>\n<li>Lloguer de les raquetes: (pendent de confirmaci\u00f3)<\/li>\n\n\n\n<li>Us enviarem els diferents punts on podeu llogar les raquetes.<\/li>\n<\/ul>\n<\/li>\n<\/ul>\n\n\n\n<ul>\n<li><strong>GROTTE DE GLACE<\/strong>\n<ul>\n<li>Acc\u00e9s amb telecadira<\/li>\n\n\n\n<li><a href=\"https:\/\/www.grottedeglace.com\/\" target=\"_blank\" rel=\"noreferrer noopener\">https:\/\/www.grottedeglace.com\/<\/a><\/li>\n<\/ul>\n<\/li>\n<\/ul>\n\n\n\n<ul>\n<li><strong>SPA<\/strong>\n<ul>\n<li><a href=\"https:\/\/www.alpedhuez.com\/fr\/hiver\/activites\/spas-massages-relaxation\/\" target=\"_blank\" rel=\"noreferrer noopener\">https:\/\/www.alpedhuez.com\/fr\/hiver\/activites\/spas-massages-relaxation\/<\/a><\/li>\n<\/ul>\n<\/li>\n<\/ul>\n","protected":false},"excerpt":{"rendered":"<p>Aquesta edici\u00f3 de Neupols anem a ALPE D&#8217;HUEZ! Qu\u00e8 puc fer durant el dia si tinc el pack no esquiador o no vull esquiar? Aqu\u00ed teniu propostes d&#8217;activitats que podeu trobar a Alpe d&#8217;Huez aix\u00ed com un itinerari orientatiu. Algunes d&#8217;aquestes activitats requereixen pagar un preu extra que no ve [&hellip;]<\/p>\n","protected":false},"author":1,"featured_media":0,"parent":0,"menu_order":0,"comment_status":"closed","ping_status":"closed","template":"","meta":[],"_links":{"self":[{"href":"http:\/\/www.neupols.org\/wp\/index.php?rest_route=\/wp\/v2\/pages\/321"}],"collection":[{"href":"http:\/\/www.neupols.org\/wp\/index.php?rest_route=\/wp\/v2\/pages"}],"about":[{"href":"http:\/\/www.neupols.org\/wp\/index.php?rest_route=\/wp\/v2\/types\/page"}],"author":[{"embeddable":true,"href":"http:\/\/www.neupols.org\/wp\/index.php?rest_route=\/wp\/v2\/users\/1"}],"replies":[{"embeddable":true,"href":"http:\/\/www.neupols.org\/wp\/index.php?rest_route=%2Fwp%2Fv2%2Fcomments&post=321"}],"version-history":[{"count":13,"href":"http:\/\/www.neupols.org\/wp\/index.php?rest_route=\/wp\/v2\/pages\/321\/revisions"}],"predecessor-version":[{"id":501,"href":"http:\/\/www.neupols.org\/wp\/index.php?rest_route=\/wp\/v2\/pages\/321\/revisions\/501"}],"wp:attachment":[{"href":"http:\/\/www.neupols.org\/wp\/index.php?rest_route=%2Fwp%2Fv2%2Fmedia&parent=321"}],"curies":[{"name":"wp","href":"https:\/\/api.w.org\/{rel}","templated":true}]}}