{"id":6,"date":"2020-08-06T14:21:10","date_gmt":"2020-08-06T12:21:10","guid":{"rendered":"http:\/\/www.neupols.org\/wp\/?page_id=6"},"modified":"2025-10-13T20:30:03","modified_gmt":"2025-10-13T18:30:03","slug":"home","status":"publish","type":"page","link":"http:\/\/www.neupols.org\/wp\/","title":{"rendered":"Inici"},"content":{"rendered":"<p style=\"text-align: center;\"><span style=\"color: #000000;\">Benvinguts a&nbsp;<strong>Neupols 2025<\/strong>.<\/span><\/p>\n<p style=\"text-align: center;\"><span style=\"color: #000000;\">Per fi arriba l&#8217;esquiada de medicina! Un any m\u00e9s tindrem la oportunitat de gaudir dels Alps i de la neu!&nbsp;&nbsp;<\/span><\/p>\n<p style=\"text-align: center;\"><span style=\"color: #000000;\">Moltes gr\u00e0cies per la vostra confian\u00e7a!<\/span><\/p>\n<p><\/p>\n<div><\/div>\n\n\n<p class=\"has-text-align-center has-accent-color has-text-color has-medium-font-size\">Inscripcions obertes! Places limitades<\/p>\n\n\n\n<p><\/p>\n\n\n\n<p><\/p>\n","protected":false},"excerpt":{"rendered":"<p>Benvinguts a&nbsp;Neupols 2025. Per fi arriba l&#8217;esquiada de medicina! Un any m\u00e9s tindrem la oportunitat de gaudir dels Alps i de la neu!&nbsp;&nbsp; Moltes gr\u00e0cies per la vostra confian\u00e7a! Inscripcions obertes! Places limitades<\/p>\n","protected":false},"author":1,"featured_media":0,"parent":0,"menu_order":0,"comment_status":"closed","ping_status":"closed","template":"","meta":[],"_links":{"self":[{"href":"http:\/\/www.neupols.org\/wp\/index.php?rest_route=\/wp\/v2\/pages\/6"}],"collection":[{"href":"http:\/\/www.neupols.org\/wp\/index.php?rest_route=\/wp\/v2\/pages"}],"about":[{"href":"http:\/\/www.neupols.org\/wp\/index.php?rest_route=\/wp\/v2\/types\/page"}],"author":[{"embeddable":true,"href":"http:\/\/www.neupols.org\/wp\/index.php?rest_route=\/wp\/v2\/users\/1"}],"replies":[{"embeddable":true,"href":"http:\/\/www.neupols.org\/wp\/index.php?rest_route=%2Fwp%2Fv2%2Fcomments&post=6"}],"version-history":[{"count":67,"href":"http:\/\/www.neupols.org\/wp\/index.php?rest_route=\/wp\/v2\/pages\/6\/revisions"}],"predecessor-version":[{"id":561,"href":"http:\/\/www.neupols.org\/wp\/index.php?rest_route=\/wp\/v2\/pages\/6\/revisions\/561"}],"wp:attachment":[{"href":"http:\/\/www.neupols.org\/wp\/index.php?rest_route=%2Fwp%2Fv2%2Fmedia&parent=6"}],"curies":[{"name":"wp","href":"https:\/\/api.w.org\/{rel}","templated":true}]}}