{"id":60,"date":"2020-08-07T12:24:06","date_gmt":"2020-08-07T10:24:06","guid":{"rendered":"http:\/\/www.neupols.org\/wp\/?page_id=60"},"modified":"2025-10-13T17:26:48","modified_gmt":"2025-10-13T15:26:48","slug":"preus-i-inscripcio","status":"publish","type":"page","link":"http:\/\/www.neupols.org\/wp\/?page_id=60","title":{"rendered":"PREUS I INSCRIPCI\u00d3"},"content":{"rendered":"\n<div class=\"wp-block-group is-layout-flow\"><div class=\"wp-block-group__inner-container\">\n<div class=\"wp-block-group is-layout-flow\"><div class=\"wp-block-group__inner-container\">\n<p>Pagament en 2 terminis: <span style=\"text-decoration: underline;\">Podeu realitzar el pagament de la bestreta i la resta de l&#8217;import tot junt.<\/span><\/p>\n\n\n\n<ul>\n<li>Bestreta de 80\u20ac fins el <strong><mark style=\"background-color:rgba(0, 0, 0, 0)\" class=\"has-inline-color has-accent-color\">24 d&#8217;Octubre<\/mark><\/strong>*. <\/li>\n\n\n\n<li>Pagament final fins <mark style=\"background-color:rgba(0, 0, 0, 0)\" class=\"has-inline-color has-accent-color\">el<\/mark><strong><mark style=\"background-color:rgba(0, 0, 0, 0)\" class=\"has-inline-color has-accent-color\"> 3 de Novembre<\/mark><\/strong>*.<\/li>\n<\/ul>\n\n\n\n<p><em>* Les dates corresponen al dia l\u00edmit perque <span style=\"text-decoration: underline;\">nosaltres rebem les vostres transfer\u00e8ncies<\/span>! Compteu que solen trigar uns dies en arribar al compte de destinaci\u00f3.<\/em><\/p>\n\n\n\n<p>L\u00edmits de DEVOLUCI\u00d3 del pagament:<\/p>\n\n\n\n<ul>\n<li>Devoluci\u00f3 del pagament en la seva totalitat fins el <strong>10 de Novembre<\/strong>.<\/li>\n<\/ul>\n<\/div><\/div>\n<\/div><\/div>\n\n\n\n<div class=\"wp-block-group is-layout-constrained\"><div class=\"wp-block-group__inner-container\"><\/div><\/div>\n\n\n\n<p><strong>PREUS DESGLOSSATS:<\/strong><\/p>\n\n\n<div class=\"wp-block-image\">\n<figure class=\"aligncenter size-large is-resized\"><img decoding=\"async\" loading=\"lazy\" src=\"http:\/\/www.neupols.org\/wp\/wp-content\/uploads\/2025\/10\/Captura-de-pantalla-2025-10-10-a-las-13.31.47-1024x689.png\" alt=\"\" class=\"wp-image-538\" width=\"542\" height=\"364\" srcset=\"http:\/\/www.neupols.org\/wp\/wp-content\/uploads\/2025\/10\/Captura-de-pantalla-2025-10-10-a-las-13.31.47-1024x689.png 1024w, http:\/\/www.neupols.org\/wp\/wp-content\/uploads\/2025\/10\/Captura-de-pantalla-2025-10-10-a-las-13.31.47-300x202.png 300w, http:\/\/www.neupols.org\/wp\/wp-content\/uploads\/2025\/10\/Captura-de-pantalla-2025-10-10-a-las-13.31.47-768x517.png 768w, http:\/\/www.neupols.org\/wp\/wp-content\/uploads\/2025\/10\/Captura-de-pantalla-2025-10-10-a-las-13.31.47.png 1282w\" sizes=\"(max-width: 542px) 100vw, 542px\" \/><\/figure><\/div>\n\n\n<p><\/p>\n\n\n\n<p><strong>INSTRUCCIONS<\/strong><\/p>\n\n\n\n<ol type=\"1\">\n<li>Omplir el formulari d&#8217;inscripci\u00f3<em><mark style=\"background-color:rgba(0, 0, 0, 0)\" class=\"has-inline-color has-accent-color\">:<\/mark><\/em> <a rel=\"noreferrer noopener\" href=\"https:\/\/docs.google.com\/forms\/d\/e\/1FAIpQLSd2aWfGSbfSSs2tOSXO1Pz4Cy6_dwQCx1zZR0mthuoe2Mlecg\/viewform?usp=header\" target=\"_blank\">https:\/\/docs.google.com\/forms\/d\/e\/1FAIpQLSd2aWfGSbfSSs2tOSXO1Pz4Cy6_dwQCx1zZR0mthuoe2Mlecg\/viewform?usp=header<\/a><\/li>\n\n\n\n<li>Pagament al n\u00famero de compte BBVA amb el seg\u00fcent IBAN: <strong>ES09 0182 4383 9102 0159 7231<\/strong> .<\/li>\n<\/ol>\n\n\n\n<p><strong><span style=\"color:#fb2069\" class=\"has-inline-color\">MOLT IMPORTANT<\/span><\/strong>: Identifiqueu sempre els vostres pagaments amb el vostre<strong> NOM i COGNOMS<\/strong> al concepte.<\/p>\n\n\n\n<p>Si tens problemes envia un mail a <strong>medicina.neupols@gmail.com<\/strong><\/p>\n\n\n\n<p>Ens veiem a Alpe d&#8217;Huez!<\/p>\n\n\n\n<p><mark style=\"background-color:rgba(0, 0, 0, 0)\" class=\"has-inline-color has-white-color\">&#8230;<\/mark><\/p>\n","protected":false},"excerpt":{"rendered":"<p>Pagament en 2 terminis: Podeu realitzar el pagament de la bestreta i la resta de l&#8217;import tot junt. * Les dates corresponen al dia l\u00edmit perque nosaltres rebem les vostres transfer\u00e8ncies! Compteu que solen trigar uns dies en arribar al compte de destinaci\u00f3. L\u00edmits de DEVOLUCI\u00d3 del pagament: PREUS DESGLOSSATS: [&hellip;]<\/p>\n","protected":false},"author":1,"featured_media":78,"parent":0,"menu_order":0,"comment_status":"closed","ping_status":"closed","template":"","meta":[],"_links":{"self":[{"href":"http:\/\/www.neupols.org\/wp\/index.php?rest_route=\/wp\/v2\/pages\/60"}],"collection":[{"href":"http:\/\/www.neupols.org\/wp\/index.php?rest_route=\/wp\/v2\/pages"}],"about":[{"href":"http:\/\/www.neupols.org\/wp\/index.php?rest_route=\/wp\/v2\/types\/page"}],"author":[{"embeddable":true,"href":"http:\/\/www.neupols.org\/wp\/index.php?rest_route=\/wp\/v2\/users\/1"}],"replies":[{"embeddable":true,"href":"http:\/\/www.neupols.org\/wp\/index.php?rest_route=%2Fwp%2Fv2%2Fcomments&post=60"}],"version-history":[{"count":55,"href":"http:\/\/www.neupols.org\/wp\/index.php?rest_route=\/wp\/v2\/pages\/60\/revisions"}],"predecessor-version":[{"id":557,"href":"http:\/\/www.neupols.org\/wp\/index.php?rest_route=\/wp\/v2\/pages\/60\/revisions\/557"}],"wp:featuredmedia":[{"embeddable":true,"href":"http:\/\/www.neupols.org\/wp\/index.php?rest_route=\/wp\/v2\/media\/78"}],"wp:attachment":[{"href":"http:\/\/www.neupols.org\/wp\/index.php?rest_route=%2Fwp%2Fv2%2Fmedia&parent=60"}],"curies":[{"name":"wp","href":"https:\/\/api.w.org\/{rel}","templated":true}]}}