{"id":67,"date":"2020-08-07T12:29:41","date_gmt":"2020-08-07T10:29:41","guid":{"rendered":"http:\/\/www.neupols.org\/wp\/?page_id=67"},"modified":"2024-11-21T12:33:08","modified_gmt":"2024-11-21T10:33:08","slug":"normativa","status":"publish","type":"page","link":"http:\/\/www.neupols.org\/wp\/?page_id=67","title":{"rendered":"NORMATIVA"},"content":{"rendered":"\n<p>1. L\u2019organitzaci\u00f3 de <strong>Neupols<\/strong> <strong>2024<\/strong> no es fa responsable del comportament inadequat o els desperfectes ocasionats pels participants. En cas de produir-se, cada participant assumir\u00e0 la seva responsabilitat a t\u00edtol individual.<\/p>\n\n\n\n<p>2. S\u2019estableix una data l\u00edmit per a renunciar a l\u2019activitat, superada aquesta l\u2019organitzaci\u00f3 no podr\u00e0 garantir el reemborsament.<\/p>\n\n\n\n<p>3. En cas que la demanda de places fos superior a l\u2019oferta disponible, l\u2019organitzaci\u00f3 es reserva el dret d\u2019administrar aquestes places com m\u00e9s convenient li sembli arribat el moment.<\/p>\n\n\n\n<p>4. En cas d\u2019un imprevist ali\u00e8 a l\u2019organitzaci\u00f3 o si per causa de for\u00e7a major es modifiquessin els par\u00e0metres establerts inicialment per Neupols 2024, l\u2019organitzaci\u00f3 es reserva el dret d\u2019oferir un producte equivalent d&#8217;import 20\u20ac superior al producte original mantenint la data l\u00edmit de ren\u00fancia anteriorment esmentada i en el sup\u00f2sit que aquesta hagu\u00e9s estat superada es mantindria vigent el que estableix el punt 2 d\u2019aquesta normativa.<\/p>\n\n\n\n<p>5. L\u2019organitzaci\u00f3 es reserva el dret d\u2019establir amb l\u2019ag\u00e8ncia i les empreses col\u00b7laboradores els tractes i les cl\u00e0usules que al seu entendre siguin m\u00e9s favorables pels participants de Neupols 2024. Organitzaci\u00f3 t\u00e8cnica Viatges Campuli\u00e9 GC54MD.<\/p>\n","protected":false},"excerpt":{"rendered":"<p>1. L\u2019organitzaci\u00f3 de Neupols 2024 no es fa responsable del comportament inadequat o els desperfectes ocasionats pels participants. En cas de produir-se, cada participant assumir\u00e0 la seva responsabilitat a t\u00edtol individual. 2. S\u2019estableix una data l\u00edmit per a renunciar a l\u2019activitat, superada aquesta l\u2019organitzaci\u00f3 no podr\u00e0 garantir el reemborsament. 3. [&hellip;]<\/p>\n","protected":false},"author":1,"featured_media":78,"parent":0,"menu_order":0,"comment_status":"closed","ping_status":"closed","template":"","meta":[],"_links":{"self":[{"href":"http:\/\/www.neupols.org\/wp\/index.php?rest_route=\/wp\/v2\/pages\/67"}],"collection":[{"href":"http:\/\/www.neupols.org\/wp\/index.php?rest_route=\/wp\/v2\/pages"}],"about":[{"href":"http:\/\/www.neupols.org\/wp\/index.php?rest_route=\/wp\/v2\/types\/page"}],"author":[{"embeddable":true,"href":"http:\/\/www.neupols.org\/wp\/index.php?rest_route=\/wp\/v2\/users\/1"}],"replies":[{"embeddable":true,"href":"http:\/\/www.neupols.org\/wp\/index.php?rest_route=%2Fwp%2Fv2%2Fcomments&post=67"}],"version-history":[{"count":10,"href":"http:\/\/www.neupols.org\/wp\/index.php?rest_route=\/wp\/v2\/pages\/67\/revisions"}],"predecessor-version":[{"id":502,"href":"http:\/\/www.neupols.org\/wp\/index.php?rest_route=\/wp\/v2\/pages\/67\/revisions\/502"}],"wp:featuredmedia":[{"embeddable":true,"href":"http:\/\/www.neupols.org\/wp\/index.php?rest_route=\/wp\/v2\/media\/78"}],"wp:attachment":[{"href":"http:\/\/www.neupols.org\/wp\/index.php?rest_route=%2Fwp%2Fv2%2Fmedia&parent=67"}],"curies":[{"name":"wp","href":"https:\/\/api.w.org\/{rel}","templated":true}]}}