{"id":69,"date":"2020-08-07T12:30:43","date_gmt":"2020-08-07T10:30:43","guid":{"rendered":"http:\/\/www.neupols.org\/wp\/?page_id=69"},"modified":"2024-10-18T15:41:45","modified_gmt":"2024-10-18T13:41:45","slug":"avantatges-i-sorteig","status":"publish","type":"page","link":"http:\/\/www.neupols.org\/wp\/?page_id=69","title":{"rendered":"COL\u00b7LABORADORS i SORTEIG"},"content":{"rendered":"\n<p>Com cada any rebreu un pack de benvinguda amb la samarreta d\u2019aquesta edici\u00f3 i altres sorpreses. A m\u00e9s, entreu autom\u00e0ticament al sorteig on oferim una gran quantitat de premis.<\/p>\n\n\n\n<p><strong>Agra\u00efm als nostres patrocinadors d&#8217;aquesta edici\u00f3:<\/strong><\/p>\n\n\n\n<p><\/p>\n\n\n\n<div class=\"wp-block-group is-layout-flow\"><div class=\"wp-block-group__inner-container\">\n<div class=\"wp-block-media-text alignwide is-stacked-on-mobile is-vertically-aligned-center\" style=\"grid-template-columns:28% auto\"><figure class=\"wp-block-media-text__media\"><img decoding=\"async\" loading=\"lazy\" width=\"1024\" height=\"291\" src=\"http:\/\/www.neupols.org\/wp\/wp-content\/uploads\/2022\/10\/logo-CoMB_alta-1-1024x291.jpg\" alt=\"\" class=\"wp-image-370 size-full\" srcset=\"http:\/\/www.neupols.org\/wp\/wp-content\/uploads\/2022\/10\/logo-CoMB_alta-1-1024x291.jpg 1024w, http:\/\/www.neupols.org\/wp\/wp-content\/uploads\/2022\/10\/logo-CoMB_alta-1-300x85.jpg 300w, http:\/\/www.neupols.org\/wp\/wp-content\/uploads\/2022\/10\/logo-CoMB_alta-1-768x218.jpg 768w, http:\/\/www.neupols.org\/wp\/wp-content\/uploads\/2022\/10\/logo-CoMB_alta-1-1536x436.jpg 1536w, http:\/\/www.neupols.org\/wp\/wp-content\/uploads\/2022\/10\/logo-CoMB_alta-1-2048x581.jpg 2048w\" sizes=\"(max-width: 1024px) 100vw, 1024px\" \/><\/figure><div class=\"wp-block-media-text__content\">\n<p class=\"has-text-align-left\"><strong>COMB<\/strong>: El Col\u00b7legi de Metges de Barcelona \u00e9s una instituci\u00f3 que t\u00e9 com a funci\u00f3 principal defensar els interessos col\u00b7lectius de la professi\u00f3 m\u00e8dica. Agra\u00efm l&#8217;obsequi de 2 <span style=\"text-decoration: underline;\">FONENDOS<\/span> que entren al sorteig cada any. <\/p>\n<\/div><\/div>\n\n\n\n<hr class=\"wp-block-separator has-css-opacity\"\/>\n\n\n\n<div class=\"wp-block-media-text alignwide has-media-on-the-right is-stacked-on-mobile is-vertically-aligned-center\" style=\"grid-template-columns:auto 27%\"><div class=\"wp-block-media-text__content\">\n<p><strong>AMIR<\/strong>: AMIR \u00e9s una acad\u00e8mia de preparaci\u00f3 del MIR creada per metges per formar metges. Ens ofereixen cada any una <span style=\"text-decoration: underline;\">BECA AMIR<\/span> que sortegem entre els participants.<\/p>\n<\/div><figure class=\"wp-block-media-text__media\"><img decoding=\"async\" loading=\"lazy\" width=\"291\" height=\"97\" src=\"http:\/\/www.neupols.org\/wp\/wp-content\/uploads\/2022\/10\/AMIR-web.png\" alt=\"\" class=\"wp-image-367 size-full\"\/><\/figure><\/div>\n<\/div><\/div>\n\n\n\n<hr class=\"wp-block-separator has-css-opacity\"\/>\n\n\n\n<div class=\"wp-block-group is-layout-flow\"><div class=\"wp-block-group__inner-container\">\n<div class=\"wp-block-media-text alignwide is-stacked-on-mobile\" style=\"grid-template-columns:32% auto\"><figure class=\"wp-block-media-text__media\"><img decoding=\"async\" loading=\"lazy\" width=\"988\" height=\"774\" src=\"http:\/\/www.neupols.org\/wp\/wp-content\/uploads\/2022\/10\/MM_VERTICAL_CAT.png\" alt=\"\" class=\"wp-image-371 size-full\" srcset=\"http:\/\/www.neupols.org\/wp\/wp-content\/uploads\/2022\/10\/MM_VERTICAL_CAT.png 988w, http:\/\/www.neupols.org\/wp\/wp-content\/uploads\/2022\/10\/MM_VERTICAL_CAT-300x235.png 300w, http:\/\/www.neupols.org\/wp\/wp-content\/uploads\/2022\/10\/MM_VERTICAL_CAT-768x602.png 768w\" sizes=\"(max-width: 988px) 100vw, 988px\" \/><\/figure><div class=\"wp-block-media-text__content\">\n<p><strong>MUTUAL M\u00c8DICA<\/strong>: Amb m\u00e9s de 100 anys d\u2019experi\u00e8ncia, Mutual M\u00e8dica \u00e9s una mutualitat orientada als metges.<\/p>\n<\/div><\/div>\n<\/div><\/div>\n\n\n\n<hr class=\"wp-block-separator has-css-opacity\"\/>\n\n\n\n<div class=\"wp-block-media-text alignwide has-media-on-the-right is-stacked-on-mobile\" style=\"grid-template-columns:auto 26%\"><div class=\"wp-block-media-text__content\">\n<p><strong>GRUP MED<\/strong>: Med1 Serveis Financers ofereix productes i serveis adaptats als professionals del m\u00f3n sanitari. <\/p>\n<\/div><figure class=\"wp-block-media-text__media\"><img decoding=\"async\" loading=\"lazy\" width=\"1024\" height=\"360\" src=\"http:\/\/www.neupols.org\/wp\/wp-content\/uploads\/2022\/11\/MED1web.jpg\" alt=\"\" class=\"wp-image-390 size-full\" srcset=\"http:\/\/www.neupols.org\/wp\/wp-content\/uploads\/2022\/11\/MED1web.jpg 1024w, http:\/\/www.neupols.org\/wp\/wp-content\/uploads\/2022\/11\/MED1web-300x105.jpg 300w, http:\/\/www.neupols.org\/wp\/wp-content\/uploads\/2022\/11\/MED1web-768x270.jpg 768w\" sizes=\"(max-width: 1024px) 100vw, 1024px\" \/><\/figure><\/div>\n\n\n\n<hr class=\"wp-block-separator has-css-opacity\"\/>\n\n\n\n<div class=\"wp-block-media-text alignwide is-stacked-on-mobile\" style=\"grid-template-columns:16% auto\"><figure class=\"wp-block-media-text__media\"><img decoding=\"async\" loading=\"lazy\" width=\"495\" height=\"451\" src=\"http:\/\/www.neupols.org\/wp\/wp-content\/uploads\/2022\/10\/SQSPORTS-web.png\" alt=\"\" class=\"wp-image-374 size-full\" srcset=\"http:\/\/www.neupols.org\/wp\/wp-content\/uploads\/2022\/10\/SQSPORTS-web.png 495w, http:\/\/www.neupols.org\/wp\/wp-content\/uploads\/2022\/10\/SQSPORTS-web-300x273.png 300w\" sizes=\"(max-width: 495px) 100vw, 495px\" \/><\/figure><div class=\"wp-block-media-text__content\">\n<p><strong>SANT CUGAT ESPORTS<\/strong>: Si necessites material esportiu de tot tipus per\u00f2 sobretot d\u2019esqu\u00ed i muntanya, Sant Cugat Esports ofereix una gran varietat de productes. Els trobar\u00e0s a Sant Cugat del Vall\u00e8s a la Pla\u00e7a dels Quatre Cantons.<\/p>\n<\/div><\/div>\n\n\n\n<hr class=\"wp-block-separator has-css-opacity\"\/>\n\n\n\n<div class=\"wp-block-media-text alignwide has-media-on-the-right is-stacked-on-mobile\" style=\"grid-template-columns:auto 28%\"><div class=\"wp-block-media-text__content\">\n<p><strong>IGL\u00da<\/strong>: Visita les seves botigues al carrer Aribau n\u00ba35 i carrer Mallorca n\u00ba316 de Barcelona per comprar roba i material d\u2019esqu\u00ed, snowboard i trekking.<\/p>\n<\/div><figure class=\"wp-block-media-text__media\"><img decoding=\"async\" loading=\"lazy\" width=\"478\" height=\"212\" src=\"http:\/\/www.neupols.org\/wp\/wp-content\/uploads\/2022\/10\/IGLU-web.png\" alt=\"\" class=\"wp-image-376 size-full\" srcset=\"http:\/\/www.neupols.org\/wp\/wp-content\/uploads\/2022\/10\/IGLU-web.png 478w, http:\/\/www.neupols.org\/wp\/wp-content\/uploads\/2022\/10\/IGLU-web-300x133.png 300w\" sizes=\"(max-width: 478px) 100vw, 478px\" \/><\/figure><\/div>\n\n\n\n<hr class=\"wp-block-separator has-css-opacity\"\/>\n\n\n\n<div class=\"wp-block-media-text alignwide is-stacked-on-mobile\" style=\"grid-template-columns:24% auto\"><figure class=\"wp-block-media-text__media\"><img decoding=\"async\" loading=\"lazy\" width=\"291\" height=\"195\" src=\"http:\/\/www.neupols.org\/wp\/wp-content\/uploads\/2022\/10\/ROCA-web.png\" alt=\"\" class=\"wp-image-377 size-full\"\/><\/figure><div class=\"wp-block-media-text__content\">\n<p><strong>LA ROCA VILLAGE<\/strong>: centre comercial a l\u2019aire lliure on pots gaudir de descomptes en m\u00e9s de 100 marques durant tot l\u2019any.<\/p>\n<\/div><\/div>\n\n\n\n<hr class=\"wp-block-separator has-alpha-channel-opacity\"\/>\n\n\n\n<div class=\"wp-block-media-text alignwide has-media-on-the-right is-stacked-on-mobile\" style=\"grid-template-columns:auto 28%\"><div class=\"wp-block-media-text__content\">\n<p><strong>HOSTAL RESTAURANT ESTRELLA:<\/strong> Amb una relaci\u00f3 del tot familiar i en un entorn tranquil i acollidor, l\u2019Hostal Estrella de Rupit \u00e9s el lloc ideal pel descans i el relax.<\/p>\n<\/div><figure class=\"wp-block-media-text__media\"><img decoding=\"async\" loading=\"lazy\" width=\"1024\" height=\"562\" src=\"http:\/\/www.neupols.org\/wp\/wp-content\/uploads\/2024\/10\/hostal-estrella-1024x562.png\" alt=\"\" class=\"wp-image-489 size-full\" srcset=\"http:\/\/www.neupols.org\/wp\/wp-content\/uploads\/2024\/10\/hostal-estrella-1024x562.png 1024w, http:\/\/www.neupols.org\/wp\/wp-content\/uploads\/2024\/10\/hostal-estrella-300x165.png 300w, http:\/\/www.neupols.org\/wp\/wp-content\/uploads\/2024\/10\/hostal-estrella-768x422.png 768w, http:\/\/www.neupols.org\/wp\/wp-content\/uploads\/2024\/10\/hostal-estrella.png 1277w\" sizes=\"(max-width: 1024px) 100vw, 1024px\" \/><\/figure><\/div>\n\n\n\n<hr class=\"wp-block-separator has-css-opacity\"\/>\n\n\n\n<div class=\"wp-block-media-text alignwide is-stacked-on-mobile\" style=\"grid-template-columns:27% auto\"><figure class=\"wp-block-media-text__media\"><img decoding=\"async\" loading=\"lazy\" width=\"1024\" height=\"344\" src=\"http:\/\/www.neupols.org\/wp\/wp-content\/uploads\/2022\/10\/Campuli\u00e9-1024x344.png\" alt=\"\" class=\"wp-image-372 size-full\" srcset=\"http:\/\/www.neupols.org\/wp\/wp-content\/uploads\/2022\/10\/Campuli\u00e9-1024x344.png 1024w, http:\/\/www.neupols.org\/wp\/wp-content\/uploads\/2022\/10\/Campuli\u00e9-300x101.png 300w, http:\/\/www.neupols.org\/wp\/wp-content\/uploads\/2022\/10\/Campuli\u00e9-768x258.png 768w, http:\/\/www.neupols.org\/wp\/wp-content\/uploads\/2022\/10\/Campuli\u00e9-1536x516.png 1536w, http:\/\/www.neupols.org\/wp\/wp-content\/uploads\/2022\/10\/Campuli\u00e9-2048x689.png 2048w\" sizes=\"(max-width: 1024px) 100vw, 1024px\" \/><\/figure><div class=\"wp-block-media-text__content\">\n<p><strong>VIATGES CAMPULI\u00c9<\/strong>: Una empresa de viatge especialitzada en programes esportius com s\u00f3n les esquiades.<\/p>\n<\/div><\/div>\n\n\n\n<hr class=\"wp-block-separator has-css-opacity\"\/>\n","protected":false},"excerpt":{"rendered":"<p>Com cada any rebreu un pack de benvinguda amb la samarreta d\u2019aquesta edici\u00f3 i altres sorpreses. A m\u00e9s, entreu autom\u00e0ticament al sorteig on oferim una gran quantitat de premis. Agra\u00efm als nostres patrocinadors d&#8217;aquesta edici\u00f3: COMB: El Col\u00b7legi de Metges de Barcelona \u00e9s una instituci\u00f3 que t\u00e9 com a funci\u00f3 [&hellip;]<\/p>\n","protected":false},"author":1,"featured_media":78,"parent":0,"menu_order":0,"comment_status":"closed","ping_status":"closed","template":"","meta":[],"_links":{"self":[{"href":"http:\/\/www.neupols.org\/wp\/index.php?rest_route=\/wp\/v2\/pages\/69"}],"collection":[{"href":"http:\/\/www.neupols.org\/wp\/index.php?rest_route=\/wp\/v2\/pages"}],"about":[{"href":"http:\/\/www.neupols.org\/wp\/index.php?rest_route=\/wp\/v2\/types\/page"}],"author":[{"embeddable":true,"href":"http:\/\/www.neupols.org\/wp\/index.php?rest_route=\/wp\/v2\/users\/1"}],"replies":[{"embeddable":true,"href":"http:\/\/www.neupols.org\/wp\/index.php?rest_route=%2Fwp%2Fv2%2Fcomments&post=69"}],"version-history":[{"count":16,"href":"http:\/\/www.neupols.org\/wp\/index.php?rest_route=\/wp\/v2\/pages\/69\/revisions"}],"predecessor-version":[{"id":490,"href":"http:\/\/www.neupols.org\/wp\/index.php?rest_route=\/wp\/v2\/pages\/69\/revisions\/490"}],"wp:featuredmedia":[{"embeddable":true,"href":"http:\/\/www.neupols.org\/wp\/index.php?rest_route=\/wp\/v2\/media\/78"}],"wp:attachment":[{"href":"http:\/\/www.neupols.org\/wp\/index.php?rest_route=%2Fwp%2Fv2%2Fmedia&parent=69"}],"curies":[{"name":"wp","href":"https:\/\/api.w.org\/{rel}","templated":true}]}}